{"id":826,"date":"2020-01-13T09:56:56","date_gmt":"2020-01-13T08:56:56","guid":{"rendered":"https:\/\/www.jnovohradsky.com\/sub_info\/?page_id=826"},"modified":"2020-01-14T10:12:31","modified_gmt":"2020-01-14T09:12:31","slug":"projektdetails","status":"publish","type":"page","link":"https:\/\/www.jnovohradsky.com\/sub_info\/projektdetails\/","title":{"rendered":"Projektdetails"},"content":{"rendered":"\n<div style=\"height:100px\" aria-hidden=\"true\" class=\"wp-block-spacer\"><\/div>\n\n\n\n<p><a id=\"lenozze\" name=\"lenozze\"><\/a><\/p>\n\n\n\n<div style=\"height:100px\" aria-hidden=\"true\" class=\"wp-block-spacer\"><\/div>\n\n\n\n<p class=\"has-text-color has-accent-color\">Opern-Stummfilm<br><strong> LE NOZZE DI FIGARO<br><\/strong> nach W.\u2009A.\u2009Mozart | mit deutschen Zwischentiteln<\/p>\n\n\n\n<p>Bernd R. Bienert inszenierte 2016 Mozarts Le nozze di Figaro am Originalschauplatz von 1786 &#8211; im einst kaiserlichen Theater von Schloss Laxenburg bei Wien. Die Videoaufzeichnung in HD wurde am Computer bearbeitet und mit der Anmutung eines SW-Stummfilmes versehen. Mit deutschen Zwischentiteln und Klavierbegleitung erz\u00e4hlt der Film die Handlung der Oper Mozarts in spannenden 70 Minuten.<\/p>\n\n\n\n<p>Regie: Bernd R.\u2009Bienert<br>\nKamera und Schnitt: Johannes Novohradsky <br>\nLivemusik nach W.\u2009A.\u2009Mozart<br>\nHammerfl\u00fcgel: Eliana Morretti <br>\nTextfassung der Zwischentitel: Bernd R.\u2009Bienert (nach Vulpius) <br>\nMaske und Per\u00fccken: Manuela Kolb <br>\nB\u00fchnenbilder und Kost\u00fcme: Bernd R.\u2009Bienert<\/p>\n\n\n\n<p>BESETZUNG<br> Figaro: Gebhard Heegmann<br> Susanna: Megan Kahts<br> Graf: Gezim Berisha<br> Gr\u00e4fin: Sarah Marie Kramer<br> Cherubin: Barbara Angermaier<br> Marzeline: Anne Wieben<br> Basilio, Don Gusmann: Juan Carlos Petruzziello<br> Bartholo, Antonio: Florian Pejrimovsky<br> Hannchen: Penelope Makeig<\/p>\n\n\n\n<p><a href=\"https:\/\/www.jnovohradsky.com\/sub_info\/videographie\/projektevideos\/\">&lt; zur\u00fcck<\/a><\/p>\n\n\n\n<p><a href=\"https:\/\/www.teatrobarocco.at\/le-nozze-stummfilm-2019.html\" target=\"_blank\" rel=\"noreferrer noopener\" aria-label=\" (opens in a new tab)\">Siehe auch &gt;<\/a><\/p>\n\n\n\n<div style=\"height:100px\" aria-hidden=\"true\" class=\"wp-block-spacer\"><\/div>\n\n\n\n<p><a id=\"miranda\" name=\"miranda\"><\/a><\/p>\n\n\n\n<div style=\"height:100px\" aria-hidden=\"true\" class=\"wp-block-spacer\"><\/div>\n\n\n<p class=\"has-text-color has-accent-color\">Projektionsvideos<strong><br>MIRANDA<\/strong><br>Eine \u00dcberlandpartie<\/p>\n\n\n<p>Musiktheaterinstallation f\u00fcr Schauspiel, Stimme und Musik<\/p>\n\n\n\n<p>Mit einem Text von Thomas Ballhausen<br>\nIdee: Hannes L\u00f6schel<br>\nRegie: Gerhard Alt<br>\nMiranda: Sibylle Gogg<br>\nMiranda, Kost\u00fcme: Theresa Eipeldauer<br>\nField Recordings: Peter Kutin<br>\nKontrabass: Matija Schellander<br>\nLicht: Monika Gruber<br>\nVideo\/Projektion: Johannes Novohradsky<\/p>\n\n\n\n<p>UA Freitag, 2. M\u00e4rz 2012<br>Odeon Wien<br>Taborstrasse 10, 1020 Wien<\/p>\n\n\n\n<p><a href=\"https:\/\/www.jnovohradsky.com\/sub_info\/videographie\/projektevideos\/\">&lt; zur\u00fcck<\/a><\/p>\n\n\n\n<p><a href=\"https:\/\/www.gerhard-alt.com\/projekte\/miranda\/\" target=\"_blank\" rel=\"noreferrer noopener\" aria-label=\" (opens in a new tab)\">Siehe auch &gt;<\/a><\/p>\n\n\n\n<p><a id=\"derwegweiser\" name=\"derwegweiser\"><\/a><\/p>\n\n\n\n<div style=\"height:100px\" aria-hidden=\"true\" class=\"wp-block-spacer\"><\/div>\n\n\n<p class=\"has-text-color has-accent-color\">Video &#8211; Collage<br><strong>DER WEGWEISER<br><\/strong><span style=\"background-color: color(display-p3 0.047 0.106 0.192);\">Franz Schubert \/ Hannes L\u00f6schel Stadtkapelle<\/span><\/p>\n\n\n<p>Multi-Cam-Aufnahme<br>Bockkeller Wien 16.<\/p>\n\n\n\n<p><strong>Hannes L\u00f6schel Stadtkapelle<br><\/strong>Klemens Lendl <em>Gesang, Violine<\/em> <br>Hannes L\u00f6schel <em>Piano, Fender Rhodes, Harmonium <\/em><br>Michael Bruckner-Weinhuber <em>Gitarre<\/em><br>Walther Soyka <em>Harmonika<\/em> <br>Karl Stirner <em>Zither<\/em><br>Bernd Satzinger <em>Bass<\/em><br>Mathias Koch <em>Schlagzeug<\/em><br>Thomas Berghammer <em>Trompete, Fl\u00fcgelhorn<\/em><\/p>\n\n\n\n<p><a href=\"https:\/\/www.jnovohradsky.com\/sub_info\/videographie\/projektevideos\/\">&lt; zur\u00fcck<\/a><\/p>\n\n\n\n<p><a href=\"http:\/\/www.loewenhertz.at\/024_hbsiwh.html\" target=\"_blank\" rel=\"noreferrer noopener\" aria-label=\" (opens in a new tab)\">Siehe auch &gt;<\/a><\/p>\n\n\n\n<div style=\"height:100px\" aria-hidden=\"true\" class=\"wp-block-spacer\"><\/div>\n\n\n\n<p><a id=\"erratic\" name=\"erratic\"><\/a><\/p>\n\n\n\n<div style=\"height:100px\" aria-hidden=\"true\" class=\"wp-block-spacer\"><\/div>\n\n\n\n<p class=\"has-text-color has-accent-color\">Videoessay<br><strong>ERRATIC PIANO<\/strong><br>Musik: J. Novotny<a id=\"derwegweiser\" name=\"Aderwegweiser\"><\/a><\/p>\n\n\n\n<p>Video  38:48<br><br>Auf CD\/DVD &#8211; Album \u00bbTravel Alert\u00ab<br>Komposition Josef Novotny<br>Videos von Andreas Reinhardt, Nana Schulz, Johannes Novohradsky<\/p>\n\n\n\n<p><a href=\"https:\/\/www.jnovohradsky.com\/sub_info\/videographie\/projektevideos\/\">&lt; zur\u00fcck<\/a><\/p>\n\n\n\n<p><a href=\"http:\/\/www.loewenhertz.at\/021_travelalert.html\" target=\"_blank\" rel=\"noreferrer noopener\" aria-label=\" (opens in a new tab)\">Siehe auch &gt;<\/a><\/p>\n\n\n\n<div style=\"height:100px\" aria-hidden=\"true\" class=\"wp-block-spacer\"><\/div>\n\n\n\n<p><a id=\"erwartung\" name=\"erwartung\"><\/a><\/p>\n\n\n\n<div style=\"height:100px\" aria-hidden=\"true\" class=\"wp-block-spacer\"><\/div>\n\n\n\n<p class=\"has-text-color has-accent-color\">Projektionsvideo<br><strong>ERWARTUNG<\/strong><br>Monodrama Sch\u00f6nberg\/Pappenheim<\/p>\n\n\n\n<p>Musik: Arnold Sch\u00f6nberg<br>Libretto: Marie Pappenheim<\/p>\n\n\n\n<p>Arrangement: Farac Qarayev<br>Musikalische Leitung: Roland Freisitzer<br>Solistin: Maribeth Diggle<br>Regie: Gerhard Alt<br>Video: Johannes Novohradsky<\/p>\n\n\n\n<p>UA Mittwoch, 5. M\u00e4rz 2014<br>Azerbaycan D\u00f6vlat Ganc Tamasacilar Teatri<br>Baku, Aserbaidschan<\/p>\n\n\n\n<p><a href=\"https:\/\/www.jnovohradsky.com\/sub_info\/videographie\/projektevideos\/\">&lt; zur\u00fcck<\/a><\/p>\n\n\n\n<p><a href=\"https:\/\/www.gerhard-alt.com\/projekte\/erwartung\/\" target=\"_blank\" rel=\"noreferrer noopener\" aria-label=\" (opens in a new tab)\">Siehe auch &gt;<\/a><\/p>\n\n\n\n<div style=\"height:100px\" aria-hidden=\"true\" class=\"wp-block-spacer\"><\/div>\n\n\n\n<p><a id=\"stilleben\" name=\"stilleben\"><\/a><\/p>\n\n\n\n<div style=\"height:100px\" aria-hidden=\"true\" class=\"wp-block-spacer\"><\/div>\n\n\n\n<p class=\"has-text-color has-accent-color\">Videoessay<br><strong>STILLEBEN<\/strong><br>Musik K. Saariaho<\/p>\n\n\n\n<p>Auftragsarbeit PHACE\/Wien<br>Komposition: Kaja Saariaho<\/p>\n\n\n\n<p>UA: tba<\/p>\n\n\n\n<p><a href=\"https:\/\/www.jnovohradsky.com\/sub_info\/videographie\/projektevideos\/\">&lt; zur\u00fcck<\/a><\/p>\n\n\n\n<div style=\"height:100px\" aria-hidden=\"true\" class=\"wp-block-spacer\"><\/div>\n\n\n\n<div style=\"height:100px\" aria-hidden=\"true\" class=\"wp-block-spacer\"><\/div>\n\n\n\n<div style=\"height:100px\" aria-hidden=\"true\" class=\"wp-block-spacer\"><\/div>\n\n\n\n<p><\/p>\n","protected":false},"excerpt":{"rendered":"<p>Opern-Stummfilm LE NOZZE DI FIGARO nach W.\u2009A.\u2009Mozart | mit deutschen Zwischentiteln Bernd R. Bienert inszenierte 2016 Mozarts Le nozze di Figaro am Originalschauplatz von 1786 &#8211; im einst&hellip;<\/p>\n","protected":false},"author":1,"featured_media":0,"parent":0,"menu_order":0,"comment_status":"closed","ping_status":"closed","template":"","meta":{"_coblocks_attr":"","_coblocks_dimensions":"","_coblocks_responsive_height":"","_coblocks_accordion_ie_support":"","footnotes":""},"class_list":["post-826","page","type-page","status-publish","has-post-thumbnail","hentry"],"aioseo_notices":[],"featured_image_urls_v2":{"full":"","thumbnail":"","medium":"","medium_large":"","large":"","1536x1536":"","2048x2048":"","post-thumbnail":"","chaplin_preview_image_low_resolution":"","chaplin_preview_image_high_resolution":"","chaplin_fullscreen":""},"post_excerpt_stackable_v2":"<p>Opern-Stummfilm LE NOZZE DI FIGARO nach W.\u2009A.\u2009Mozart | mit deutschen Zwischentiteln Bernd R. Bienert inszenierte 2016 Mozarts Le nozze di Figaro am Originalschauplatz von 1786 &#8211; im einst kaiserlichen Theater von Schloss Laxenburg bei Wien. Die Videoaufzeichnung in HD wurde am Computer bearbeitet und mit der Anmutung eines SW-Stummfilmes versehen. Mit deutschen Zwischentiteln und Klavierbegleitung erz\u00e4hlt der Film die Handlung der Oper Mozarts in spannenden 70 Minuten. Regie: Bernd R.\u2009Bienert Kamera und Schnitt: Johannes Novohradsky Livemusik nach W.\u2009A.\u2009Mozart Hammerfl\u00fcgel: Eliana Morretti Textfassung der Zwischentitel: Bernd R.\u2009Bienert (nach Vulpius) Maske und Per\u00fccken: Manuela Kolb B\u00fchnenbilder und Kost\u00fcme: Bernd R.\u2009Bienert BESETZUNG Figaro:&hellip;<\/p>\n","category_list_v2":"","author_info_v2":{"name":"johannesN","url":"https:\/\/www.jnovohradsky.com\/sub_info\/author\/johannesn\/"},"comments_num_v2":"0 comments","_links":{"self":[{"href":"https:\/\/www.jnovohradsky.com\/sub_info\/wp-json\/wp\/v2\/pages\/826","targetHints":{"allow":["GET"]}}],"collection":[{"href":"https:\/\/www.jnovohradsky.com\/sub_info\/wp-json\/wp\/v2\/pages"}],"about":[{"href":"https:\/\/www.jnovohradsky.com\/sub_info\/wp-json\/wp\/v2\/types\/page"}],"author":[{"embeddable":true,"href":"https:\/\/www.jnovohradsky.com\/sub_info\/wp-json\/wp\/v2\/users\/1"}],"replies":[{"embeddable":true,"href":"https:\/\/www.jnovohradsky.com\/sub_info\/wp-json\/wp\/v2\/comments?post=826"}],"version-history":[{"count":0,"href":"https:\/\/www.jnovohradsky.com\/sub_info\/wp-json\/wp\/v2\/pages\/826\/revisions"}],"wp:attachment":[{"href":"https:\/\/www.jnovohradsky.com\/sub_info\/wp-json\/wp\/v2\/media?parent=826"}],"curies":[{"name":"wp","href":"https:\/\/api.w.org\/{rel}","templated":true}]}}